{"id":423,"date":"2026-04-06T14:31:13","date_gmt":"2026-04-06T14:31:13","guid":{"rendered":"https:\/\/basketball.azdigi.shop\/?post_type=product&#038;p=423"},"modified":"2026-04-19T14:16:56","modified_gmt":"2026-04-19T14:16:56","slug":"ball","status":"publish","type":"product","link":"https:\/\/basketball.azdigi.shop\/index.php\/san-pham\/ball\/","title":{"rendered":"BALL"},"content":{"rendered":"<p><img fetchpriority=\"high\" decoding=\"async\" class=\"alignnone size-medium wp-image-349\" src=\"https:\/\/basketball.azdigi.shop\/wp-content\/uploads\/2026\/03\/MOLTEN-300x300.jpg\" alt=\"\" width=\"300\" height=\"300\" srcset=\"https:\/\/basketball.azdigi.shop\/wp-content\/uploads\/2026\/03\/MOLTEN-300x300.jpg 300w, https:\/\/basketball.azdigi.shop\/wp-content\/uploads\/2026\/03\/MOLTEN-100x100.jpg 100w, https:\/\/basketball.azdigi.shop\/wp-content\/uploads\/2026\/03\/MOLTEN-150x150.jpg 150w, https:\/\/basketball.azdigi.shop\/wp-content\/uploads\/2026\/03\/MOLTEN.jpg 500w\" sizes=\"(max-width: 300px) 100vw, 300px\" \/><\/p>\n<h2 data-path-to-node=\"2\">Qu\u1ea3 B\u00f3ng R\u1ed5 Cao C\u1ea5p: \u0110\u1ed9 B\u00e1m T\u1ed1t, C\u1ea3m Gi\u00e1c B\u00f3ng Tuy\u1ec7t V\u1eddi<\/h2>\n<p data-path-to-node=\"3\"><b data-path-to-node=\"3\" data-index-in-node=\"0\">Ball<\/b> (qu\u1ea3 b\u00f3ng r\u1ed5) l\u00e0 linh h\u1ed3n c\u1ee7a m\u1ecdi tr\u1eadn \u0111\u1ea5u tr\u00ean s\u00e2n. M\u1ed9t qu\u1ea3 b\u00f3ng ch\u1ea5t l\u01b0\u1ee3ng s\u1ebd gi\u00fap b\u1ea1n th\u1ef1c hi\u1ec7n c\u00e1c c\u00fa n\u00e9m ch\u00ednh x\u00e1c h\u01a1n. Thi\u1ebft k\u1ebf hi\u1ec7n \u0111\u1ea1i gi\u00fap s\u1ea3n ph\u1ea9m duy tr\u00ec \u00e1p su\u1ea5t kh\u00f4ng kh\u00ed \u1ed5n \u0111\u1ecbnh trong th\u1eddi gian d\u00e0i.<\/p>\n<h3 data-path-to-node=\"4\">Ch\u1ea5t li\u1ec7u da cao c\u1ea5p v\u00e0 \u0111\u1ed9 b\u1ec1n v\u01b0\u1ee3t tr\u1ed9i<\/h3>\n<p data-path-to-node=\"5\"><b data-path-to-node=\"5\" data-index-in-node=\"0\">Tr\u01b0\u1edbc h\u1ebft<\/b>, ch\u00fang ta h\u00e3y n\u00f3i v\u1ec1 ch\u1ea5t li\u1ec7u c\u1ee7a qu\u1ea3 b\u00f3ng. S\u1ea3n ph\u1ea9m \u0111\u01b0\u1ee3c l\u00e0m t\u1eeb da t\u1ed5ng h\u1ee3p ho\u1eb7c cao su chuy\u00ean d\u1ee5ng si\u00eau b\u1ec1n. \u0110i\u1ec1u n\u00e0y gi\u00fap b\u1ec1 m\u1eb7t b\u00f3ng kh\u00f4ng b\u1ecb m\u00f2n nhanh khi thi \u0111\u1ea5u tr\u00ean s\u00e2n b\u00ea t\u00f4ng.<\/p>\n<p data-path-to-node=\"6\"><b data-path-to-node=\"6\" data-index-in-node=\"0\">Ngo\u00e0i ra<\/b>, l\u1edbp v\u1ecf ngo\u00e0i c\u00f3 \u0111\u1ed9 b\u00e1m d\u00ednh c\u1ef1c k\u1ef3 t\u1ed1t. <b data-path-to-node=\"6\" data-index-in-node=\"50\">V\u00ec v\u1eady<\/b>, b\u1ea1n c\u00f3 th\u1ec3 ki\u1ec3m so\u00e1t b\u00f3ng d\u1ec5 d\u00e0ng ngay c\u1ea3 khi tay c\u00f3 m\u1ed3 h\u00f4i. <b data-path-to-node=\"6\" data-index-in-node=\"119\">H\u01a1n n\u1eefa<\/b>, c\u00e1c \u0111\u01b0\u1eddng r\u00e3nh s\u00e2u tr\u00ean th\u00e2n b\u00f3ng gi\u00fap vi\u1ec7c c\u1ea7m n\u1eafm tr\u1edf n\u00ean ch\u1eafc ch\u1eafn h\u01a1n.<\/p>\n<h3 data-path-to-node=\"7\">Hi\u1ec7u n\u0103ng \u1ed5n \u0111\u1ecbnh tr\u00ean m\u1ecdi m\u1eb7t s\u00e2n<\/h3>\n<p data-path-to-node=\"8\"><b data-path-to-node=\"8\" data-index-in-node=\"0\">K\u1ebf ti\u1ebfp<\/b>, qu\u1ea3 b\u00f3ng r\u1ed5 n\u00e0y ph\u00f9 h\u1ee3p cho c\u1ea3 s\u00e2n indoor v\u00e0 outdoor. <b data-path-to-node=\"8\" data-index-in-node=\"63\">B\u00ean c\u1ea1nh \u0111\u00f3<\/b>, kh\u1ea3 n\u0103ng \u0111\u00e0n h\u1ed3i c\u1ee7a b\u00f3ng r\u1ea5t \u1ed5n \u0111\u1ecbnh. \u0110i\u1ec1u n\u00e0y gi\u00fap c\u00e1c pha nh\u1ed3i b\u00f3ng (dribbling) tr\u1edf n\u00ean m\u01b0\u1ee3t m\u00e0 v\u00e0 chu\u1ea9n x\u00e1c.<\/p>\n<p data-path-to-node=\"9\"><b data-path-to-node=\"9\" data-index-in-node=\"0\">Do \u0111\u00f3<\/b>, \u0111\u00e2y l\u00e0 l\u1ef1a ch\u1ecdn h\u00e0ng \u0111\u1ea7u cho c\u00e1c bu\u1ed5i t\u1eadp luy\u1ec7n chuy\u00ean nghi\u1ec7p. <b data-path-to-node=\"9\" data-index-in-node=\"70\">\u0110\u1eb7c bi\u1ec7t l\u00e0<\/b>, tr\u1ecdng l\u01b0\u1ee3ng v\u00e0 k\u00edch th\u01b0\u1edbc c\u1ee7a b\u00f3ng lu\u00f4n \u0111\u1ea1t ti\u00eau chu\u1ea9n thi \u0111\u1ea5u qu\u1ed1c t\u1ebf. B\u1ea1n s\u1ebd lu\u00f4n c\u1ea3m th\u1ea5y t\u1ef1 tin trong t\u1eebng pha x\u1eed l\u00fd.<\/p>\n<h3 data-path-to-node=\"10\">Mua b\u00f3ng r\u1ed5 ch\u00ednh h\u00e3ng gi\u00e1 t\u1ed1t \u1edf \u0111\u00e2u?<\/h3>\n<p data-path-to-node=\"11\"><b data-path-to-node=\"11\" data-index-in-node=\"0\">T\u00f3m l\u1ea1i<\/b>, s\u1edf h\u1eefu m\u1ed9t qu\u1ea3 b\u00f3ng t\u1ed1t l\u00e0 b\u01b0\u1edbc \u0111\u1ea7u ti\u00ean \u0111\u1ec3 tr\u1edf th\u00e0nh c\u1ea7u th\u1ee7 gi\u1ecfi. B\u1ea1n c\u00f3 th\u1ec3 ph\u1ed1i h\u1ee3p c\u00f9ng c\u00e1c b\u1ed9 \u0111\u1ed3 <b data-path-to-node=\"11\" data-index-in-node=\"112\"><a class=\"ng-star-inserted\" href=\"https:\/\/basketball.azdigi.shop\/\" target=\"_blank\" rel=\"noopener\" data-hveid=\"0\" data-ved=\"0CAAQ_4QMahgKEwjdzfHi7N-TAxUAAAAAHQAAAAAQrQQ\">basketball streetwear<\/a><\/b> \u0111\u1ec3 ra s\u00e2n th\u00eam ph\u1ea7n c\u00e1 t\u00ednh.<\/p>\n<p data-path-to-node=\"12\"><b data-path-to-node=\"12\" data-index-in-node=\"0\">Cu\u1ed1i c\u00f9ng<\/b>, h\u00e3y s\u1edf h\u1eefu ngay m\u1eabu <b data-path-to-node=\"12\" data-index-in-node=\"31\">ball<\/b> n\u00e0y \u0111\u1ec3 n\u00e2ng t\u1ea7m cu\u1ed9c ch\u01a1i. \u0110\u1eebng qu\u00ean tham kh\u1ea3o th\u00eam c\u00e1c m\u1eabu m\u00e3 m\u1edbi nh\u1ea5t t\u1ea1i <b data-path-to-node=\"12\" data-index-in-node=\"112\"><a class=\"ng-star-inserted\" href=\"https:\/\/www.nike.com\/\" target=\"_blank\" rel=\"noopener\" data-hveid=\"0\" data-ved=\"0CAAQ_4QMahgKEwjdzfHi7N-TAxUAAAAAHQAAAAAQrgQ\">trang ch\u1ee7 Nike<\/a><\/b> nh\u00e9!<\/p>\n","protected":false},"excerpt":{"rendered":"<p>Qu\u1ea3 B\u00f3ng R\u1ed5 Cao C\u1ea5p: \u0110\u1ed9 B\u00e1m T\u1ed1t, C\u1ea3m Gi\u00e1c B\u00f3ng Tuy\u1ec7t V\u1eddi Ball (qu\u1ea3 b\u00f3ng r\u1ed5) l\u00e0 linh h\u1ed3n c\u1ee7a m\u1ecdi tr\u1eadn \u0111\u1ea5u tr\u00ean s\u00e2n. M\u1ed9t qu\u1ea3 b\u00f3ng ch\u1ea5t l\u01b0\u1ee3ng s\u1ebd gi\u00fap b\u1ea1n th\u1ef1c hi\u1ec7n c\u00e1c c\u00fa n\u00e9m ch\u00ednh x\u00e1c h\u01a1n. Thi\u1ebft k\u1ebf hi\u1ec7n \u0111\u1ea1i gi\u00fap s\u1ea3n ph\u1ea9m duy tr\u00ec \u00e1p su\u1ea5t kh\u00f4ng kh\u00ed [&#8230;]\n","protected":false},"featured_media":349,"comment_status":"open","ping_status":"closed","template":"","meta":[],"product_brand":[],"product_cat":[23],"product_tag":[],"class_list":{"0":"post-423","1":"product","2":"type-product","3":"status-publish","4":"has-post-thumbnail","6":"product_cat-i4s","8":"first","9":"instock","10":"shipping-taxable","11":"purchasable","12":"product-type-variable"},"yoast_head":"<!-- This site is optimized with the Yoast SEO plugin v26.9 - https:\/\/yoast.com\/product\/yoast-seo-wordpress\/ -->\n<title>Ball th\u1ec3 thao ch\u00ednh h\u00e3ng | B\u1ec1n \u0111\u1eb9p, gi\u00e1 t\u1ed1t<\/title>\n<meta name=\"description\" content=\"Mua ball th\u1ec3 thao ch\u1ea5t l\u01b0\u1ee3ng cao, \u0111\u1ed9 b\u1ec1n t\u1ed1t, thi\u1ebft k\u1ebf chu\u1ea9n. Ph\u00f9 h\u1ee3p ch\u01a1i b\u00f3ng r\u1ed5, b\u00f3ng \u0111\u00e1, luy\u1ec7n t\u1eadp v\u1edbi \u0111\u1ed9 n\u1ea3y t\u1ed1t\u00e0 kh\u1ea3 n\u0103ng ch\u1ecbu l\u1ef1c cao.\" \/>\n<meta name=\"robots\" content=\"index, follow, max-snippet:-1, max-image-preview:large, max-video-preview:-1\" \/>\n<link rel=\"canonical\" href=\"https:\/\/basketball.azdigi.shop\/index.php\/san-pham\/ball\/\" \/>\n<meta property=\"og:locale\" content=\"en_US\" \/>\n<meta property=\"og:type\" content=\"article\" \/>\n<meta property=\"og:title\" content=\"Ball th\u1ec3 thao ch\u00ednh h\u00e3ng | B\u1ec1n \u0111\u1eb9p, gi\u00e1 t\u1ed1t\" \/>\n<meta property=\"og:description\" content=\"Mua ball th\u1ec3 thao ch\u1ea5t l\u01b0\u1ee3ng cao, \u0111\u1ed9 b\u1ec1n t\u1ed1t, thi\u1ebft k\u1ebf chu\u1ea9n. Ph\u00f9 h\u1ee3p ch\u01a1i b\u00f3ng r\u1ed5, b\u00f3ng \u0111\u00e1, luy\u1ec7n t\u1eadp v\u1edbi \u0111\u1ed9 n\u1ea3y t\u1ed1t\u00e0 kh\u1ea3 n\u0103ng ch\u1ecbu l\u1ef1c cao.\" \/>\n<meta property=\"og:url\" content=\"https:\/\/basketball.azdigi.shop\/index.php\/san-pham\/ball\/\" \/>\n<meta property=\"og:site_name\" content=\"tr\u00ed ph\u1ea1m\" \/>\n<meta property=\"article:modified_time\" content=\"2026-04-19T14:16:56+00:00\" \/>\n<meta property=\"og:image\" content=\"https:\/\/basketball.azdigi.shop\/wp-content\/uploads\/2026\/03\/MOLTEN.jpg\" \/>\n\t<meta property=\"og:image:width\" content=\"500\" \/>\n\t<meta property=\"og:image:height\" content=\"500\" \/>\n\t<meta property=\"og:image:type\" content=\"image\/jpeg\" \/>\n<meta name=\"twitter:card\" content=\"summary_large_image\" \/>\n<meta name=\"twitter:label1\" content=\"Est. reading time\" \/>\n\t<meta name=\"twitter:data1\" content=\"2 minutes\" \/>\n<script type=\"application\/ld+json\" class=\"yoast-schema-graph\">{\"@context\":\"https:\/\/schema.org\",\"@graph\":[{\"@type\":\"WebPage\",\"@id\":\"https:\/\/basketball.azdigi.shop\/index.php\/san-pham\/ball\/\",\"url\":\"https:\/\/basketball.azdigi.shop\/index.php\/san-pham\/ball\/\",\"name\":\"Ball th\u1ec3 thao ch\u00ednh h\u00e3ng | B\u1ec1n \u0111\u1eb9p, gi\u00e1 t\u1ed1t\",\"isPartOf\":{\"@id\":\"https:\/\/basketball.azdigi.shop\/#website\"},\"primaryImageOfPage\":{\"@id\":\"https:\/\/basketball.azdigi.shop\/index.php\/san-pham\/ball\/#primaryimage\"},\"image\":{\"@id\":\"https:\/\/basketball.azdigi.shop\/index.php\/san-pham\/ball\/#primaryimage\"},\"thumbnailUrl\":\"https:\/\/basketball.azdigi.shop\/wp-content\/uploads\/2026\/03\/MOLTEN.jpg\",\"datePublished\":\"2026-04-06T14:31:13+00:00\",\"dateModified\":\"2026-04-19T14:16:56+00:00\",\"description\":\"Mua ball th\u1ec3 thao ch\u1ea5t l\u01b0\u1ee3ng cao, \u0111\u1ed9 b\u1ec1n t\u1ed1t, thi\u1ebft k\u1ebf chu\u1ea9n. Ph\u00f9 h\u1ee3p ch\u01a1i b\u00f3ng r\u1ed5, b\u00f3ng \u0111\u00e1, luy\u1ec7n t\u1eadp v\u1edbi \u0111\u1ed9 n\u1ea3y t\u1ed1t\u00e0 kh\u1ea3 n\u0103ng ch\u1ecbu l\u1ef1c cao.\",\"breadcrumb\":{\"@id\":\"https:\/\/basketball.azdigi.shop\/index.php\/san-pham\/ball\/#breadcrumb\"},\"inLanguage\":\"en-US\",\"potentialAction\":[{\"@type\":\"ReadAction\",\"target\":[\"https:\/\/basketball.azdigi.shop\/index.php\/san-pham\/ball\/\"]}]},{\"@type\":\"ImageObject\",\"inLanguage\":\"en-US\",\"@id\":\"https:\/\/basketball.azdigi.shop\/index.php\/san-pham\/ball\/#primaryimage\",\"url\":\"https:\/\/basketball.azdigi.shop\/wp-content\/uploads\/2026\/03\/MOLTEN.jpg\",\"contentUrl\":\"https:\/\/basketball.azdigi.shop\/wp-content\/uploads\/2026\/03\/MOLTEN.jpg\",\"width\":500,\"height\":500},{\"@type\":\"BreadcrumbList\",\"@id\":\"https:\/\/basketball.azdigi.shop\/index.php\/san-pham\/ball\/#breadcrumb\",\"itemListElement\":[{\"@type\":\"ListItem\",\"position\":1,\"name\":\"Home\",\"item\":\"https:\/\/basketball.azdigi.shop\/\"},{\"@type\":\"ListItem\",\"position\":2,\"name\":\"Shop\",\"item\":\"https:\/\/basketball.azdigi.shop\/index.php\/shop\/\"},{\"@type\":\"ListItem\",\"position\":3,\"name\":\"BALL\"}]},{\"@type\":\"WebSite\",\"@id\":\"https:\/\/basketball.azdigi.shop\/#website\",\"url\":\"https:\/\/basketball.azdigi.shop\/\",\"name\":\"tr\u00ed ph\u1ea1m\",\"description\":\"\",\"publisher\":{\"@id\":\"https:\/\/basketball.azdigi.shop\/#organization\"},\"potentialAction\":[{\"@type\":\"SearchAction\",\"target\":{\"@type\":\"EntryPoint\",\"urlTemplate\":\"https:\/\/basketball.azdigi.shop\/?s={search_term_string}\"},\"query-input\":{\"@type\":\"PropertyValueSpecification\",\"valueRequired\":true,\"valueName\":\"search_term_string\"}}],\"inLanguage\":\"en-US\"},{\"@type\":\"Organization\",\"@id\":\"https:\/\/basketball.azdigi.shop\/#organization\",\"name\":\"tr\u00ed ph\u1ea1m\",\"url\":\"https:\/\/basketball.azdigi.shop\/\",\"logo\":{\"@type\":\"ImageObject\",\"inLanguage\":\"en-US\",\"@id\":\"https:\/\/basketball.azdigi.shop\/#\/schema\/logo\/image\/\",\"url\":\"https:\/\/basketball.azdigi.shop\/wp-content\/uploads\/2026\/02\/logo-neex.png\",\"contentUrl\":\"https:\/\/basketball.azdigi.shop\/wp-content\/uploads\/2026\/02\/logo-neex.png\",\"width\":525,\"height\":379,\"caption\":\"tr\u00ed ph\u1ea1m\"},\"image\":{\"@id\":\"https:\/\/basketball.azdigi.shop\/#\/schema\/logo\/image\/\"}}]}<\/script>\n<!-- \/ Yoast SEO plugin. -->","yoast_head_json":{"title":"Ball th\u1ec3 thao ch\u00ednh h\u00e3ng | B\u1ec1n \u0111\u1eb9p, gi\u00e1 t\u1ed1t","description":"Mua ball th\u1ec3 thao ch\u1ea5t l\u01b0\u1ee3ng cao, \u0111\u1ed9 b\u1ec1n t\u1ed1t, thi\u1ebft k\u1ebf chu\u1ea9n. Ph\u00f9 h\u1ee3p ch\u01a1i b\u00f3ng r\u1ed5, b\u00f3ng \u0111\u00e1, luy\u1ec7n t\u1eadp v\u1edbi \u0111\u1ed9 n\u1ea3y t\u1ed1t\u00e0 kh\u1ea3 n\u0103ng ch\u1ecbu l\u1ef1c cao.","robots":{"index":"index","follow":"follow","max-snippet":"max-snippet:-1","max-image-preview":"max-image-preview:large","max-video-preview":"max-video-preview:-1"},"canonical":"https:\/\/basketball.azdigi.shop\/index.php\/san-pham\/ball\/","og_locale":"en_US","og_type":"article","og_title":"Ball th\u1ec3 thao ch\u00ednh h\u00e3ng | B\u1ec1n \u0111\u1eb9p, gi\u00e1 t\u1ed1t","og_description":"Mua ball th\u1ec3 thao ch\u1ea5t l\u01b0\u1ee3ng cao, \u0111\u1ed9 b\u1ec1n t\u1ed1t, thi\u1ebft k\u1ebf chu\u1ea9n. Ph\u00f9 h\u1ee3p ch\u01a1i b\u00f3ng r\u1ed5, b\u00f3ng \u0111\u00e1, luy\u1ec7n t\u1eadp v\u1edbi \u0111\u1ed9 n\u1ea3y t\u1ed1t\u00e0 kh\u1ea3 n\u0103ng ch\u1ecbu l\u1ef1c cao.","og_url":"https:\/\/basketball.azdigi.shop\/index.php\/san-pham\/ball\/","og_site_name":"tr\u00ed ph\u1ea1m","article_modified_time":"2026-04-19T14:16:56+00:00","og_image":[{"width":500,"height":500,"url":"https:\/\/basketball.azdigi.shop\/wp-content\/uploads\/2026\/03\/MOLTEN.jpg","type":"image\/jpeg"}],"twitter_card":"summary_large_image","twitter_misc":{"Est. reading time":"2 minutes"},"schema":{"@context":"https:\/\/schema.org","@graph":[{"@type":"WebPage","@id":"https:\/\/basketball.azdigi.shop\/index.php\/san-pham\/ball\/","url":"https:\/\/basketball.azdigi.shop\/index.php\/san-pham\/ball\/","name":"Ball th\u1ec3 thao ch\u00ednh h\u00e3ng | B\u1ec1n \u0111\u1eb9p, gi\u00e1 t\u1ed1t","isPartOf":{"@id":"https:\/\/basketball.azdigi.shop\/#website"},"primaryImageOfPage":{"@id":"https:\/\/basketball.azdigi.shop\/index.php\/san-pham\/ball\/#primaryimage"},"image":{"@id":"https:\/\/basketball.azdigi.shop\/index.php\/san-pham\/ball\/#primaryimage"},"thumbnailUrl":"https:\/\/basketball.azdigi.shop\/wp-content\/uploads\/2026\/03\/MOLTEN.jpg","datePublished":"2026-04-06T14:31:13+00:00","dateModified":"2026-04-19T14:16:56+00:00","description":"Mua ball th\u1ec3 thao ch\u1ea5t l\u01b0\u1ee3ng cao, \u0111\u1ed9 b\u1ec1n t\u1ed1t, thi\u1ebft k\u1ebf chu\u1ea9n. Ph\u00f9 h\u1ee3p ch\u01a1i b\u00f3ng r\u1ed5, b\u00f3ng \u0111\u00e1, luy\u1ec7n t\u1eadp v\u1edbi \u0111\u1ed9 n\u1ea3y t\u1ed1t\u00e0 kh\u1ea3 n\u0103ng ch\u1ecbu l\u1ef1c cao.","breadcrumb":{"@id":"https:\/\/basketball.azdigi.shop\/index.php\/san-pham\/ball\/#breadcrumb"},"inLanguage":"en-US","potentialAction":[{"@type":"ReadAction","target":["https:\/\/basketball.azdigi.shop\/index.php\/san-pham\/ball\/"]}]},{"@type":"ImageObject","inLanguage":"en-US","@id":"https:\/\/basketball.azdigi.shop\/index.php\/san-pham\/ball\/#primaryimage","url":"https:\/\/basketball.azdigi.shop\/wp-content\/uploads\/2026\/03\/MOLTEN.jpg","contentUrl":"https:\/\/basketball.azdigi.shop\/wp-content\/uploads\/2026\/03\/MOLTEN.jpg","width":500,"height":500},{"@type":"BreadcrumbList","@id":"https:\/\/basketball.azdigi.shop\/index.php\/san-pham\/ball\/#breadcrumb","itemListElement":[{"@type":"ListItem","position":1,"name":"Home","item":"https:\/\/basketball.azdigi.shop\/"},{"@type":"ListItem","position":2,"name":"Shop","item":"https:\/\/basketball.azdigi.shop\/index.php\/shop\/"},{"@type":"ListItem","position":3,"name":"BALL"}]},{"@type":"WebSite","@id":"https:\/\/basketball.azdigi.shop\/#website","url":"https:\/\/basketball.azdigi.shop\/","name":"tr\u00ed ph\u1ea1m","description":"","publisher":{"@id":"https:\/\/basketball.azdigi.shop\/#organization"},"potentialAction":[{"@type":"SearchAction","target":{"@type":"EntryPoint","urlTemplate":"https:\/\/basketball.azdigi.shop\/?s={search_term_string}"},"query-input":{"@type":"PropertyValueSpecification","valueRequired":true,"valueName":"search_term_string"}}],"inLanguage":"en-US"},{"@type":"Organization","@id":"https:\/\/basketball.azdigi.shop\/#organization","name":"tr\u00ed ph\u1ea1m","url":"https:\/\/basketball.azdigi.shop\/","logo":{"@type":"ImageObject","inLanguage":"en-US","@id":"https:\/\/basketball.azdigi.shop\/#\/schema\/logo\/image\/","url":"https:\/\/basketball.azdigi.shop\/wp-content\/uploads\/2026\/02\/logo-neex.png","contentUrl":"https:\/\/basketball.azdigi.shop\/wp-content\/uploads\/2026\/02\/logo-neex.png","width":525,"height":379,"caption":"tr\u00ed ph\u1ea1m"},"image":{"@id":"https:\/\/basketball.azdigi.shop\/#\/schema\/logo\/image\/"}}]}},"_links":{"self":[{"href":"https:\/\/basketball.azdigi.shop\/index.php\/wp-json\/wp\/v2\/product\/423","targetHints":{"allow":["GET"]}}],"collection":[{"href":"https:\/\/basketball.azdigi.shop\/index.php\/wp-json\/wp\/v2\/product"}],"about":[{"href":"https:\/\/basketball.azdigi.shop\/index.php\/wp-json\/wp\/v2\/types\/product"}],"replies":[{"embeddable":true,"href":"https:\/\/basketball.azdigi.shop\/index.php\/wp-json\/wp\/v2\/comments?post=423"}],"wp:featuredmedia":[{"embeddable":true,"href":"https:\/\/basketball.azdigi.shop\/index.php\/wp-json\/wp\/v2\/media\/349"}],"wp:attachment":[{"href":"https:\/\/basketball.azdigi.shop\/index.php\/wp-json\/wp\/v2\/media?parent=423"}],"wp:term":[{"taxonomy":"product_brand","embeddable":true,"href":"https:\/\/basketball.azdigi.shop\/index.php\/wp-json\/wp\/v2\/product_brand?post=423"},{"taxonomy":"product_cat","embeddable":true,"href":"https:\/\/basketball.azdigi.shop\/index.php\/wp-json\/wp\/v2\/product_cat?post=423"},{"taxonomy":"product_tag","embeddable":true,"href":"https:\/\/basketball.azdigi.shop\/index.php\/wp-json\/wp\/v2\/product_tag?post=423"}],"curies":[{"name":"wp","href":"https:\/\/api.w.org\/{rel}","templated":true}]}}